{"id":111,"date":"2023-08-22T22:15:20","date_gmt":"2023-08-22T20:15:20","guid":{"rendered":"https:\/\/zephyra.fr\/?page_id=111"},"modified":"2025-12-08T19:24:23","modified_gmt":"2025-12-08T18:24:23","slug":"presse","status":"publish","type":"page","link":"https:\/\/zephyra.fr\/index.php\/presse\/","title":{"rendered":"Presse"},"content":{"rendered":"\n<div class=\"wp-block-columns is-layout-flex wp-container-core-columns-is-layout-28f84493 wp-block-columns-is-layout-flex\">\n<div class=\"wp-block-column has-global-padding is-layout-constrained wp-block-column-is-layout-constrained\">\n<figure class=\"wp-block-image size-large is-resized\"><a href=\"https:\/\/www.letelegramme.fr\/morbihan\/plouay-56240\/operation-seduction-pour-zephyra-a-plouay-221560.php\" target=\"_blank\" rel=\"noreferrer noopener\"><img loading=\"lazy\" decoding=\"async\" width=\"1024\" height=\"182\" src=\"https:\/\/zephyra.fr\/wp-content\/uploads\/2024\/01\/Logo_du_Telegramme-1024x182.jpg\" alt=\"\" class=\"wp-image-304\" style=\"width:172px;height:auto\" srcset=\"https:\/\/zephyra.fr\/wp-content\/uploads\/2024\/01\/Logo_du_Telegramme-1024x182.jpg 1024w, https:\/\/zephyra.fr\/wp-content\/uploads\/2024\/01\/Logo_du_Telegramme-300x53.jpg 300w, https:\/\/zephyra.fr\/wp-content\/uploads\/2024\/01\/Logo_du_Telegramme-768x136.jpg 768w, https:\/\/zephyra.fr\/wp-content\/uploads\/2024\/01\/Logo_du_Telegramme.jpg 1200w\" sizes=\"auto, (max-width: 1024px) 100vw, 1024px\" \/><\/a><\/figure>\n\n\n\n<div class=\"wp-block-columns is-layout-flex wp-container-core-columns-is-layout-28f84493 wp-block-columns-is-layout-flex\">\n<div class=\"wp-block-column is-layout-flow wp-block-column-is-layout-flow\">\n<div class=\"wp-block-columns is-layout-flex wp-container-core-columns-is-layout-28f84493 wp-block-columns-is-layout-flex\">\n<div class=\"wp-block-column has-global-padding is-layout-constrained wp-block-column-is-layout-constrained\" style=\"flex-basis:100%\">\n<div class=\"wp-block-columns is-layout-flex wp-container-core-columns-is-layout-28f84493 wp-block-columns-is-layout-flex\">\n<div class=\"wp-block-column is-layout-flow wp-block-column-is-layout-flow\" style=\"flex-basis:100%\">\n<p class=\"has-text-align-left\">\u00ab\u00a0<em>Pour la premi\u00e8re repr\u00e9sentation de son troisi\u00e8me spectacle, le collectif Zephyra, compos\u00e9 de sept femmes fl\u00fbtistes, qui enseignent leur art dans le Morbihan et le Finist\u00e8re, a investi la salle des f\u00eates de Plouay, vendredi 16 mai 2025, pour le plus grand plaisir de quelque 300 personnes conquises par ce spectacle, propos\u00e9 par le service culture de la ville. Apr\u00e8s un an de travail avec le metteur en sc\u00e8ne Christophe Mar\u00e9chal et accompagn\u00e9 par Culture Lab 29, le spectacle S\u00e9quoia est n\u00e9. Inspir\u00e9 du livre \u00e9ponyme publi\u00e9 en 2016 par Julie Grugeaux et R\u00e9gine Jos\u00e9phine, l\u2019\u0153uvre raconte le temps o\u00f9 les arbres et les hommes marchaient ensemble sur une terre encore sauvage.<\/em>\u00ab\u00a0<\/p>\n<\/div>\n<\/div>\n<\/div>\n<\/div>\n<\/div>\n<\/div>\n\n\n\n<p><strong><a href=\"https:\/\/www.letelegramme.fr\/morbihan\/plouay-56240\/a-plouay-lensemble-zephyra-a-connu-un-franc-succes-6820599.php\">Le T\u00e9l\u00e9gramme,<\/a> <\/strong>20 mai 2025<\/p>\n\n\n\n<figure class=\"wp-block-image size-large is-resized\"><a href=\"https:\/\/www.letelegramme.fr\/morbihan\/plouay-56240\/operation-seduction-pour-zephyra-a-plouay-221560.php\" target=\"_blank\" rel=\"noreferrer noopener\"><img loading=\"lazy\" decoding=\"async\" width=\"1024\" height=\"182\" src=\"https:\/\/zephyra.fr\/wp-content\/uploads\/2024\/01\/Logo_du_Telegramme-1024x182.jpg\" alt=\"\" class=\"wp-image-304\" style=\"width:172px;height:auto\" srcset=\"https:\/\/zephyra.fr\/wp-content\/uploads\/2024\/01\/Logo_du_Telegramme-1024x182.jpg 1024w, https:\/\/zephyra.fr\/wp-content\/uploads\/2024\/01\/Logo_du_Telegramme-300x53.jpg 300w, https:\/\/zephyra.fr\/wp-content\/uploads\/2024\/01\/Logo_du_Telegramme-768x136.jpg 768w, https:\/\/zephyra.fr\/wp-content\/uploads\/2024\/01\/Logo_du_Telegramme.jpg 1200w\" sizes=\"auto, (max-width: 1024px) 100vw, 1024px\" \/><\/a><\/figure>\n\n\n\n<div class=\"wp-block-columns is-layout-flex wp-container-core-columns-is-layout-28f84493 wp-block-columns-is-layout-flex\">\n<div class=\"wp-block-column is-layout-flow wp-block-column-is-layout-flow\" style=\"flex-basis:100%\">\n<p><em>\u00ab\u00a0180 spectateurs auxquels se sont ajout\u00e9s les 30 \u00e9l\u00e8ves de la formation musicale jouant en premi\u00e8re partie ont assist\u00e9 au concert Z\u00e9phyra, vendredi soir, salle Jean-Moulin.<br>Vendredi 25 novembre, le conservatoire de musique et de danse de Quimperl\u00e9 communaut\u00e9 et la commune de Bannalec organisaient un concert dans la salle Jean-Moulin. Un spectacle comment\u00e9 m\u00ealant musique, culture et humour, avec l\u2019ensemble Zephyra, devant 210 personnes.<br>En premi\u00e8re partie, le concert a d\u00e9but\u00e9 par une courte prestation des \u00e9l\u00e8ves de formation musicale du conservatoire de musique et de danse de Quimperl\u00e9 communaut\u00e9, qui ont travaill\u00e9 sur un r\u00e9pertoire<br>commun en lien avec le programme de la soir\u00e9e.<br>Le groupe de musiciennes, huit fl\u00fbtistes, invitait \u00e0 d\u00e9couvrir la danse et le mouvement dans l\u2019histoire de la musique, au d\u00e9tour d\u2019un panel de sonorit\u00e9s et de styles tr\u00e8s large, teint\u00e9 d\u2019une bonne humeur communicative.<br>Un concert pour les scolaires avant le concert grand public donn\u00e9 le jour m\u00eame, les artistes du groupe Zephyra ont \u00e9galement jou\u00e9 leur spectacle devant des \u00e9coliers de Bannalec. Ce projet s\u2019inscrit dans une volont\u00e9 p\u00e9dagogique globale, visant \u00e0 toucher un maximum d\u2019\u00e9l\u00e8ves du territoire de Quimperl\u00e9 communaut\u00e9 dans le cadre du Parcours d\u2019\u00e9ducation artistique et culturelle (PEAC) des \u00e9l\u00e8ves.\u00a0\u00bb<\/em><br><br><strong><a href=\"https:\/\/www.letelegramme.fr\/finistere\/bannalec-29380\/210-spectateurs-ont-assiste-au-concert-de-zephyra-a-bannalec-1670114.php\" target=\"_blank\" rel=\"noreferrer noopener\">Le T\u00e9l\u00e9gramme<\/a>, 28 novembre 2022<\/strong><\/p>\n<\/div>\n<\/div>\n<\/div>\n<\/div>\n\n\n\n<div class=\"wp-block-group has-global-padding is-layout-constrained wp-block-group-is-layout-constrained\">\n<div class=\"wp-block-columns alignwide is-layout-flex wp-container-core-columns-is-layout-28f84493 wp-block-columns-is-layout-flex\">\n<div class=\"wp-block-column is-vertically-aligned-stretch has-global-padding is-content-justification-left is-layout-constrained wp-container-core-column-is-layout-12dd3699 wp-block-column-is-layout-constrained\">\n<figure class=\"wp-block-image size-large is-resized\"><img loading=\"lazy\" decoding=\"async\" width=\"1024\" height=\"361\" src=\"https:\/\/zephyra.fr\/wp-content\/uploads\/2024\/01\/1280px-Ouest-France_logo.svg_-1024x361.png\" alt=\"\" class=\"wp-image-307\" style=\"width:96px;height:auto\" srcset=\"https:\/\/zephyra.fr\/wp-content\/uploads\/2024\/01\/1280px-Ouest-France_logo.svg_-1024x361.png 1024w, https:\/\/zephyra.fr\/wp-content\/uploads\/2024\/01\/1280px-Ouest-France_logo.svg_-300x106.png 300w, https:\/\/zephyra.fr\/wp-content\/uploads\/2024\/01\/1280px-Ouest-France_logo.svg_-768x271.png 768w, https:\/\/zephyra.fr\/wp-content\/uploads\/2024\/01\/1280px-Ouest-France_logo.svg_.png 1280w\" sizes=\"auto, (max-width: 1024px) 100vw, 1024px\" \/><\/figure>\n\n\n\n<div class=\"wp-block-columns is-layout-flex wp-container-core-columns-is-layout-28f84493 wp-block-columns-is-layout-flex\">\n<div class=\"wp-block-column is-layout-flow wp-block-column-is-layout-flow\" style=\"flex-basis:100%\">\n<p><em>\u00ab\u00a0Le service culturel de la commune a organis\u00e9, vendredi, un concert de fl\u00fbte traversi\u00e8re avec l\u2019Ensemble Z\u00e9phyra. Les huit fl\u00fbtistes se sont produites l\u2019apr\u00e8s-midi aupr\u00e8s des scolaires. Tout d\u2019abord d\u2019une mani\u00e8re impromptue dans la cour du coll\u00e8ge Marcel-Pagnol \u00e0 la grande surprise des \u00e9l\u00e8ves. Puis \u00e0 l\u2019\u00e9cole de Manehouarn et \u00e0 l\u2019\u00e9cole du Sacr\u00e9-C\u0153ur, rassemblant un public de 360 \u00e9l\u00e8ves du primaire. En soir\u00e9e, le groupe a donn\u00e9 un r\u00e9cital \u00e0 la salle des f\u00eates devant plus de 120 spectateurs.\u00a0\u00bb<\/em><br><br><strong><a href=\"https:\/\/www.ouest-france.fr\/bretagne\/plouay-56240\/lensemble-zephyra-a-eu-du-succes-e4903afc-beb8-4a22-86e6-344ee0fb27b5\">Ouest <\/a><a href=\"https:\/\/www.ouest-france.fr\/bretagne\/plouay-56240\/lensemble-zephyra-a-eu-du-succes-e4903afc-beb8-4a22-86e6-344ee0fb27b5\" target=\"_blank\" rel=\"noreferrer noopener\">France<\/a>, 22 mars 2022<\/strong><\/p>\n<\/div>\n<\/div>\n\n\n\n<figure class=\"wp-block-image size-large is-resized\"><a href=\"https:\/\/www.letelegramme.fr\/morbihan\/plouay-56240\/operation-seduction-pour-zephyra-a-plouay-221560.php\" target=\"_blank\" rel=\"noreferrer noopener\"><img loading=\"lazy\" decoding=\"async\" width=\"1024\" height=\"182\" src=\"https:\/\/zephyra.fr\/wp-content\/uploads\/2024\/01\/Logo_du_Telegramme-1024x182.jpg\" alt=\"\" class=\"wp-image-304\" style=\"aspect-ratio:5.627811860940695;width:172px;height:auto\" srcset=\"https:\/\/zephyra.fr\/wp-content\/uploads\/2024\/01\/Logo_du_Telegramme-1024x182.jpg 1024w, https:\/\/zephyra.fr\/wp-content\/uploads\/2024\/01\/Logo_du_Telegramme-300x53.jpg 300w, https:\/\/zephyra.fr\/wp-content\/uploads\/2024\/01\/Logo_du_Telegramme-768x136.jpg 768w, https:\/\/zephyra.fr\/wp-content\/uploads\/2024\/01\/Logo_du_Telegramme.jpg 1200w\" sizes=\"auto, (max-width: 1024px) 100vw, 1024px\" \/><\/a><\/figure>\n\n\n\n<div class=\"wp-block-columns is-layout-flex wp-container-core-columns-is-layout-28f84493 wp-block-columns-is-layout-flex\">\n<div class=\"wp-block-column is-layout-flow wp-block-column-is-layout-flow\" style=\"flex-basis:100%\">\n<p><em>\u00ab\u00a0L\u2019ensemble Zephyra, qui r\u00e9unit huit fl\u00fbtistes du Finist\u00e8re et du Morbihan, dont Nathalie Ouptier, professeur de fl\u00fbte traversi\u00e8re \u00e0 l\u2019\u00e9cole de musique plouaysienne, \u00e9tait en concert, vendredi, \u00e0 la salle des f\u00eates. Les musiciennes ont propos\u00e9 deux sessions \u00e0 destination des scolaires des \u00e9coles primaires de Manehouarn et du Sacr\u00e9-C\u0153ur. Les fl\u00fbtistes ont r\u00e9pondu avec plaisir aux multiples questions des \u00e9l\u00e8ves. Le concert, qui invite \u00e0 d\u00e9couvrir la famille des fl\u00fbtes et propose un parcours du baroque \u00e0 la musique de film, a s\u00e9duit le public. Plus de 150 personnes ont appr\u00e9ci\u00e9 la fra\u00eecheur de cette repr\u00e9sentation originale pleine de fantaisie et d\u2019humour.\u00a0\u00bb<\/em><br><br><strong><a href=\"https:\/\/www.letelegramme.fr\/morbihan\/plouay-56240\/operation-seduction-pour-zephyra-a-plouay-221560.php\" target=\"_blank\" rel=\"noreferrer noopener\">Le T\u00e9l\u00e9gramme<\/a>, 21 mars 2022<\/strong><\/p>\n<\/div>\n<\/div>\n\n\n\n<figure class=\"wp-block-image size-large is-resized\"><a href=\"https:\/\/www.letelegramme.fr\/morbihan\/plouay-56240\/operation-seduction-pour-zephyra-a-plouay-221560.php\" target=\"_blank\" rel=\"noreferrer noopener\"><img loading=\"lazy\" decoding=\"async\" width=\"1024\" height=\"182\" src=\"https:\/\/zephyra.fr\/wp-content\/uploads\/2024\/01\/Logo_du_Telegramme-1024x182.jpg\" alt=\"\" class=\"wp-image-304\" style=\"aspect-ratio:5.627811860940695;width:172px;height:auto\" srcset=\"https:\/\/zephyra.fr\/wp-content\/uploads\/2024\/01\/Logo_du_Telegramme-1024x182.jpg 1024w, https:\/\/zephyra.fr\/wp-content\/uploads\/2024\/01\/Logo_du_Telegramme-300x53.jpg 300w, https:\/\/zephyra.fr\/wp-content\/uploads\/2024\/01\/Logo_du_Telegramme-768x136.jpg 768w, https:\/\/zephyra.fr\/wp-content\/uploads\/2024\/01\/Logo_du_Telegramme.jpg 1200w\" sizes=\"auto, (max-width: 1024px) 100vw, 1024px\" \/><\/a><\/figure>\n\n\n\n<div class=\"wp-block-columns is-layout-flex wp-container-core-columns-is-layout-28f84493 wp-block-columns-is-layout-flex\">\n<div class=\"wp-block-column is-layout-flow wp-block-column-is-layout-flow\" style=\"flex-basis:100%\">\n<p><em><em>\u00ab\u00a0Un public nombreux (&#8230;) a d\u00e9couvert l&rsquo;univers de la fl\u00fbte traversi\u00e8re, plus vaste qu&rsquo;on l&rsquo;imagine. La mise en sc\u00e8ne tr\u00e8s vivante des 8 fl\u00fbtistes donnait une dimension particuli\u00e8re au r\u00e9pertoire constitu\u00e9 de danses dans l&rsquo;histoire de la musique\u00a0\u00bb<\/em><br><br><strong><a href=\"https:\/\/www.letelegramme.fr\/finistere\/quimperle-29300\/zephyra-a-l-eglise-notre-dame-un-souffle-d-air-frais-a-quimperle-317571.php\" data-type=\"link\" data-id=\"https:\/\/www.letelegramme.fr\/finistere\/quimperle-29300\/zephyra-a-l-eglise-notre-dame-un-souffle-d-air-frais-a-quimperle-317571.php\" target=\"_blank\" rel=\"noreferrer noopener\">T\u00e9l\u00e9gramme<\/a>, 30 ao\u00fbt 2022<\/strong><\/em><\/p>\n<\/div>\n<\/div>\n<\/div>\n<\/div>\n<\/div>\n\n\n\n<p><\/p>\n","protected":false},"excerpt":{"rendered":"<p>\u00ab\u00a0Pour la premi\u00e8re repr\u00e9sentation de son troisi\u00e8me spectacle, le collectif Zephyra, compos\u00e9 de sept femmes fl\u00fbtistes, qui enseignent leur art dans le Morbihan et le Finist\u00e8re, a investi la salle des f\u00eates de Plouay, vendredi 16 mai 2025, pour le plus grand plaisir de quelque 300 personnes conquises par ce spectacle, propos\u00e9 par le service [&hellip;]<\/p>\n","protected":false},"author":1,"featured_media":0,"parent":0,"menu_order":0,"comment_status":"closed","ping_status":"closed","template":"","meta":{"footnotes":""},"class_list":["post-111","page","type-page","status-publish","hentry"],"_links":{"self":[{"href":"https:\/\/zephyra.fr\/index.php\/wp-json\/wp\/v2\/pages\/111","targetHints":{"allow":["GET"]}}],"collection":[{"href":"https:\/\/zephyra.fr\/index.php\/wp-json\/wp\/v2\/pages"}],"about":[{"href":"https:\/\/zephyra.fr\/index.php\/wp-json\/wp\/v2\/types\/page"}],"author":[{"embeddable":true,"href":"https:\/\/zephyra.fr\/index.php\/wp-json\/wp\/v2\/users\/1"}],"replies":[{"embeddable":true,"href":"https:\/\/zephyra.fr\/index.php\/wp-json\/wp\/v2\/comments?post=111"}],"version-history":[{"count":15,"href":"https:\/\/zephyra.fr\/index.php\/wp-json\/wp\/v2\/pages\/111\/revisions"}],"predecessor-version":[{"id":381,"href":"https:\/\/zephyra.fr\/index.php\/wp-json\/wp\/v2\/pages\/111\/revisions\/381"}],"wp:attachment":[{"href":"https:\/\/zephyra.fr\/index.php\/wp-json\/wp\/v2\/media?parent=111"}],"curies":[{"name":"wp","href":"https:\/\/api.w.org\/{rel}","templated":true}]}}