{"id":108,"date":"2023-08-22T22:13:43","date_gmt":"2023-08-22T20:13:43","guid":{"rendered":"https:\/\/zephyra.fr\/?page_id=108"},"modified":"2025-12-08T19:14:40","modified_gmt":"2025-12-08T18:14:40","slug":"programme","status":"publish","type":"page","link":"https:\/\/zephyra.fr\/index.php\/programme\/","title":{"rendered":"Programme"},"content":{"rendered":"\n<div class=\"wp-block-group alignfull has-contrast-color has-base-background-color has-text-color has-background has-link-color wp-elements-8508e7f7620a9d6eca5d66bc5319e5e9 is-layout-flow wp-block-group-is-layout-flow\" style=\"padding-top:6vw;padding-right:6vw;padding-bottom:6vw;padding-left:6vw\">\n<div class=\"wp-block-group alignwide is-vertical is-nowrap is-layout-flex wp-container-core-group-is-layout-7946b6b8 wp-block-group-is-layout-flex\" style=\"padding-top:0;padding-right:0;padding-bottom:0;padding-left:0\">\n<div class=\"wp-block-columns alignwide is-layout-flex wp-container-core-columns-is-layout-21b20327 wp-block-columns-is-layout-flex\">\n<div class=\"wp-block-column is-layout-flow wp-block-column-is-layout-flow\" style=\"flex-basis:33%\">\n<h2 class=\"wp-block-heading\">S\u00e9quoia <\/h2>\n\n\n\n<figure class=\"wp-block-image size-full\"><img loading=\"lazy\" decoding=\"async\" width=\"1707\" height=\"2560\" src=\"https:\/\/zephyra.fr\/wp-content\/uploads\/2025\/11\/SEQUOIA-vierge-scaled.jpg\" alt=\"\" class=\"wp-image-360\" srcset=\"https:\/\/zephyra.fr\/wp-content\/uploads\/2025\/11\/SEQUOIA-vierge-scaled.jpg 1707w, https:\/\/zephyra.fr\/wp-content\/uploads\/2025\/11\/SEQUOIA-vierge-200x300.jpg 200w, https:\/\/zephyra.fr\/wp-content\/uploads\/2025\/11\/SEQUOIA-vierge-683x1024.jpg 683w, https:\/\/zephyra.fr\/wp-content\/uploads\/2025\/11\/SEQUOIA-vierge-768x1152.jpg 768w, https:\/\/zephyra.fr\/wp-content\/uploads\/2025\/11\/SEQUOIA-vierge-1024x1536.jpg 1024w, https:\/\/zephyra.fr\/wp-content\/uploads\/2025\/11\/SEQUOIA-vierge-1366x2048.jpg 1366w\" sizes=\"auto, (max-width: 1707px) 100vw, 1707px\" \/><\/figure>\n\n\n\n<p class=\"has-base-color has-text-color\">(<em>cr\u00e9ation en 2021<\/em>)<\/p>\n<\/div>\n\n\n\n<div class=\"wp-block-column is-vertically-aligned-center has-base-color has-text-color is-layout-flow wp-block-column-is-layout-flow\" style=\"flex-basis:33.38%\">\n<p class=\"has-text-align-left has-contrast-color has-text-color has-link-color wp-elements-b29a00b4f6f4152efdab266af2026e20\">En s\u2019inspirant de l\u2019ouvrage S\u00e9quoia de Julie GRUGEAUX, Z\u00e9phyra propose un voyage onirique m\u00ealant le souffle des fl\u00fbtes et la voix des musiciennes. Le r\u00e9pertoire s\u2019oriente vers des choix musicaux modernes aux sonorit\u00e9s incantatoires (Rozman, Beeftink, Charke\u2026)<\/p>\n\n\n\n<p><\/p>\n<\/div>\n\n\n\n<div class=\"wp-block-column is-vertically-aligned-center is-layout-flow wp-block-column-is-layout-flow\">\n<figure class=\"wp-block-gallery aligncenter has-nested-images columns-default is-cropped wp-block-gallery-1 is-layout-flex wp-block-gallery-is-layout-flex\">\n<figure class=\"wp-block-image size-full\"><img loading=\"lazy\" decoding=\"async\" width=\"2560\" height=\"1922\" data-id=\"362\" src=\"https:\/\/zephyra.fr\/wp-content\/uploads\/2025\/11\/1270543-1-scaled.jpg\" alt=\"\" class=\"wp-image-362\" srcset=\"https:\/\/zephyra.fr\/wp-content\/uploads\/2025\/11\/1270543-1-scaled.jpg 2560w, https:\/\/zephyra.fr\/wp-content\/uploads\/2025\/11\/1270543-1-300x225.jpg 300w, https:\/\/zephyra.fr\/wp-content\/uploads\/2025\/11\/1270543-1-1024x769.jpg 1024w, https:\/\/zephyra.fr\/wp-content\/uploads\/2025\/11\/1270543-1-768x577.jpg 768w, https:\/\/zephyra.fr\/wp-content\/uploads\/2025\/11\/1270543-1-1536x1153.jpg 1536w, https:\/\/zephyra.fr\/wp-content\/uploads\/2025\/11\/1270543-1-2048x1538.jpg 2048w\" sizes=\"auto, (max-width: 2560px) 100vw, 2560px\" \/><\/figure>\n<\/figure>\n<\/div>\n<\/div>\n\n\n\n<div class=\"wp-block-columns alignwide is-layout-flex wp-container-core-columns-is-layout-21b20327 wp-block-columns-is-layout-flex\">\n<div class=\"wp-block-column is-layout-flow wp-block-column-is-layout-flow\" style=\"flex-basis:33%\">\n<h2 class=\"wp-block-heading\">Entrez dans la danse<\/h2>\n\n\n\n<figure class=\"wp-block-image size-full\"><img loading=\"lazy\" decoding=\"async\" width=\"566\" height=\"800\" src=\"https:\/\/zephyra.fr\/wp-content\/uploads\/2023\/11\/Entrezdansladanse.jpg\" alt=\"\" class=\"wp-image-215\" srcset=\"https:\/\/zephyra.fr\/wp-content\/uploads\/2023\/11\/Entrezdansladanse.jpg 566w, https:\/\/zephyra.fr\/wp-content\/uploads\/2023\/11\/Entrezdansladanse-212x300.jpg 212w\" sizes=\"auto, (max-width: 566px) 100vw, 566px\" \/><\/figure>\n\n\n\n<p class=\"has-base-color has-text-color\">(<em>cr\u00e9ation en 2021<\/em>)<\/p>\n<\/div>\n\n\n\n<div class=\"wp-block-column is-vertically-aligned-center has-base-color has-text-color is-layout-flow wp-block-column-is-layout-flow\" style=\"flex-basis:33.38%\">\n<p class=\"has-text-align-left has-contrast-color has-text-color has-link-color wp-elements-c47faf0f406b332e9f1cb3989085473e\">A travers un spectacle m\u00ealant musique, culture et humour, Zephyra vous invite \u00e0 d\u00e9couvrir la danse (Menuet, Habanera, Polka\u2026) et le mouvement dans l\u2019histoire de la musique (Bach, Tcha\u00efkovsky, Ravel, Offermans\u2026).<br>Un panel de sonorit\u00e9s et de styles tr\u00e8s larges, une bonne humeur communicative.<br>Un spectacle qui d\u00e9m\u00e9nage !<\/p>\n<\/div>\n\n\n\n<div class=\"wp-block-column is-vertically-aligned-center is-layout-flow wp-block-column-is-layout-flow\">\n<figure class=\"wp-block-image aligncenter size-full\"><img loading=\"lazy\" decoding=\"async\" width=\"800\" height=\"772\" src=\"https:\/\/zephyra.fr\/wp-content\/uploads\/2023\/11\/photodansladanse.jpg\" alt=\"\" class=\"wp-image-217\" srcset=\"https:\/\/zephyra.fr\/wp-content\/uploads\/2023\/11\/photodansladanse.jpg 800w, https:\/\/zephyra.fr\/wp-content\/uploads\/2023\/11\/photodansladanse-300x290.jpg 300w, https:\/\/zephyra.fr\/wp-content\/uploads\/2023\/11\/photodansladanse-768x741.jpg 768w\" sizes=\"auto, (max-width: 800px) 100vw, 800px\" \/><\/figure>\n<\/div>\n<\/div>\n<\/div>\n\n\n\n<div class=\"wp-block-columns alignwide is-layout-flex wp-container-core-columns-is-layout-21b20327 wp-block-columns-is-layout-flex\">\n<div class=\"wp-block-column is-layout-flow wp-block-column-is-layout-flow\" style=\"flex-basis:33%\">\n<h2 class=\"wp-block-heading\">Double Jeu<\/h2>\n\n\n\n<figure class=\"wp-block-image size-full\"><img loading=\"lazy\" decoding=\"async\" width=\"600\" height=\"849\" src=\"https:\/\/zephyra.fr\/wp-content\/uploads\/2023\/11\/doubleJeu.jpg\" alt=\"\" class=\"wp-image-227\" srcset=\"https:\/\/zephyra.fr\/wp-content\/uploads\/2023\/11\/doubleJeu.jpg 600w, https:\/\/zephyra.fr\/wp-content\/uploads\/2023\/11\/doubleJeu-212x300.jpg 212w\" sizes=\"auto, (max-width: 600px) 100vw, 600px\" \/><\/figure>\n\n\n\n<p class=\"has-base-color has-text-color\">(<em>cr\u00e9ation en 2018<\/em>)<\/p>\n<\/div>\n\n\n\n<div class=\"wp-block-column is-vertically-aligned-center has-base-color has-text-color is-layout-flow wp-block-column-is-layout-flow\" style=\"flex-basis:33.38%\">\n<p class=\"has-contrast-color has-text-color has-link-color wp-elements-21a0b415d449cafbeaabaf5cbca1e2cb\">Deux quatuors de fl\u00fbtistes que tout oppose s\u2019ignorent, se rencontrent, s\u2019affrontent, finissent par s\u2019\u00e9couter et dialoguer. Vont-ils finir par jouer ensemble ?<br>La musique est port\u00e9e par l\u2019humour, la po\u00e9sie et l\u2019intrigue (Telemann, Saint-Saens, Guiot\u2026).<br>Ce spectacle vous permettra de retrouver votre \u00e2me d\u2019enfant, des surprises visuelles et sonores sont au programme.<\/p>\n<\/div>\n\n\n\n<div class=\"wp-block-column is-vertically-aligned-center is-layout-flow wp-block-column-is-layout-flow\">\n<figure class=\"wp-block-image aligncenter size-full\"><img loading=\"lazy\" decoding=\"async\" width=\"1000\" height=\"946\" src=\"https:\/\/zephyra.fr\/wp-content\/uploads\/2023\/11\/doubleJeu2.jpg\" alt=\"\" class=\"wp-image-228\" srcset=\"https:\/\/zephyra.fr\/wp-content\/uploads\/2023\/11\/doubleJeu2.jpg 1000w, https:\/\/zephyra.fr\/wp-content\/uploads\/2023\/11\/doubleJeu2-300x284.jpg 300w, https:\/\/zephyra.fr\/wp-content\/uploads\/2023\/11\/doubleJeu2-768x727.jpg 768w\" sizes=\"auto, (max-width: 1000px) 100vw, 1000px\" \/><\/figure>\n<\/div>\n<\/div>\n<\/div>\n","protected":false},"excerpt":{"rendered":"<p>S\u00e9quoia (cr\u00e9ation en 2021) En s\u2019inspirant de l\u2019ouvrage S\u00e9quoia de Julie GRUGEAUX, Z\u00e9phyra propose un voyage onirique m\u00ealant le souffle des fl\u00fbtes et la voix des musiciennes. Le r\u00e9pertoire s\u2019oriente vers des choix musicaux modernes aux sonorit\u00e9s incantatoires (Rozman, Beeftink, Charke\u2026) Entrez dans la danse (cr\u00e9ation en 2021) A travers un spectacle m\u00ealant musique, culture [&hellip;]<\/p>\n","protected":false},"author":1,"featured_media":0,"parent":0,"menu_order":0,"comment_status":"closed","ping_status":"closed","template":"","meta":{"footnotes":""},"class_list":["post-108","page","type-page","status-publish","hentry"],"_links":{"self":[{"href":"https:\/\/zephyra.fr\/index.php\/wp-json\/wp\/v2\/pages\/108","targetHints":{"allow":["GET"]}}],"collection":[{"href":"https:\/\/zephyra.fr\/index.php\/wp-json\/wp\/v2\/pages"}],"about":[{"href":"https:\/\/zephyra.fr\/index.php\/wp-json\/wp\/v2\/types\/page"}],"author":[{"embeddable":true,"href":"https:\/\/zephyra.fr\/index.php\/wp-json\/wp\/v2\/users\/1"}],"replies":[{"embeddable":true,"href":"https:\/\/zephyra.fr\/index.php\/wp-json\/wp\/v2\/comments?post=108"}],"version-history":[{"count":18,"href":"https:\/\/zephyra.fr\/index.php\/wp-json\/wp\/v2\/pages\/108\/revisions"}],"predecessor-version":[{"id":375,"href":"https:\/\/zephyra.fr\/index.php\/wp-json\/wp\/v2\/pages\/108\/revisions\/375"}],"wp:attachment":[{"href":"https:\/\/zephyra.fr\/index.php\/wp-json\/wp\/v2\/media?parent=108"}],"curies":[{"name":"wp","href":"https:\/\/api.w.org\/{rel}","templated":true}]}}