{"id":106,"date":"2023-08-22T22:13:01","date_gmt":"2023-08-22T20:13:01","guid":{"rendered":"https:\/\/zephyra.fr\/?page_id=106"},"modified":"2025-12-09T12:17:30","modified_gmt":"2025-12-09T11:17:30","slug":"les-musiciens","status":"publish","type":"page","link":"https:\/\/zephyra.fr\/index.php\/les-musiciens\/","title":{"rendered":"Les musiciennes"},"content":{"rendered":"\n<div class=\"wp-block-media-text is-stacked-on-mobile\"><figure class=\"wp-block-media-text__media\"><img loading=\"lazy\" decoding=\"async\" width=\"600\" height=\"400\" src=\"https:\/\/zephyra.fr\/wp-content\/uploads\/2023\/11\/Fanny_kersivien.jpg\" alt=\"\" class=\"wp-image-195 size-full\" srcset=\"https:\/\/zephyra.fr\/wp-content\/uploads\/2023\/11\/Fanny_kersivien.jpg 600w, https:\/\/zephyra.fr\/wp-content\/uploads\/2023\/11\/Fanny_kersivien-300x200.jpg 300w\" sizes=\"auto, (max-width: 600px) 100vw, 600px\" \/><\/figure><div class=\"wp-block-media-text__content\">\n<p><strong>Fanny Kersivien<\/strong> d\u00e9bute la fl\u00fbte traversi\u00e8re au CRD de Charleville-M\u00e9zi\u00e8res (Sylvie Deli\u00e8ge), passe par Asni\u00e8res-sur-Seine (Christine Bureau), puis int\u00e8gre les CRR de Boulogne-Billancourt (C\u00e9line Nessi) et de Rueil-Malmaison o\u00f9 elle obtient des DEM en fl\u00fbte traversi\u00e8re, musique de chambre et formation musicale. Elle travaille \u00e9galement avec Georges Alirol.<br><\/p>\n\n\n\n<p>Passionn\u00e9e de p\u00e9dagogie, elle obtient le Dipl\u00f4me d\u2019Etat de fl\u00fbte traversi\u00e8re au CEFEDEM d\u2019\u00cele-de-France (Arlette Biget, Jean Saint-Arroman). Soucieuse de relever sans cesse de nouveaux d\u00e9fis, elle a commenc\u00e9 r\u00e9cemment l&rsquo;apprentissage de la fl\u00fbte baroque. Elle a r\u00e9cemment suivi et valid\u00e9 la tr\u00e8s compl\u00e8te formation FOREMI (Julien Beaudiment, Catherine Baert, Alexis Kossenko).<br><\/p>\n\n\n\n<p>Elle fait partie de plusieurs ensembles de chambre et enseigne actuellement \u00e0 l&rsquo;EPCC Trio\u2026S dans le Morbihan.<br><\/p>\n\n\n\n<p>Le petit truc en plus : Fanny d\u00e9vore les livres et adore les chats !<\/p>\n<\/div><\/div>\n\n\n\n<div class=\"wp-block-media-text is-stacked-on-mobile\"><figure class=\"wp-block-media-text__media\"><img loading=\"lazy\" decoding=\"async\" width=\"600\" height=\"400\" src=\"https:\/\/zephyra.fr\/wp-content\/uploads\/2023\/11\/sabrina_pillet.jpg\" alt=\"\" class=\"wp-image-194 size-full\" srcset=\"https:\/\/zephyra.fr\/wp-content\/uploads\/2023\/11\/sabrina_pillet.jpg 600w, https:\/\/zephyra.fr\/wp-content\/uploads\/2023\/11\/sabrina_pillet-300x200.jpg 300w\" sizes=\"auto, (max-width: 600px) 100vw, 600px\" \/><\/figure><div class=\"wp-block-media-text__content\">\n<p><strong>Sabrina Pillet<\/strong> commence ses \u00e9tudes musicales au CRD d\u2019Arras (Val\u00e9rie Perron) puis int\u00e8gre le CRR de Cergy Pontoise (Annick Marin), avec \u00e0 la cl\u00e9 l\u2019obtention d\u2019un DEM en fl\u00fbte traversi\u00e8re, musique de chambre et formation musicale. Elle est \u00e9galement titulaire d\u2019un Dipl\u00f4me d\u2019Etat de fl\u00fbte traversi\u00e8re et d\u2019une licence de psychologie.<br><\/p>\n\n\n\n<p>Virage \u00e0 l\u2019ouest, direction le Finist\u00e8re o\u00f9 elle enseigne dans les \u00c9coles de musique de Landerneau et de Ch\u00e2teaulin.<br><\/p>\n\n\n\n<p>Le petit truc en plus : Sabrina aime la couture, la cuisine, le tricot, le bricolage, le jardinage, la r\u00e9novation\u2026 la liste est longue !<\/p>\n<\/div><\/div>\n\n\n\n<div class=\"wp-block-media-text is-stacked-on-mobile\"><figure class=\"wp-block-media-text__media\"><img loading=\"lazy\" decoding=\"async\" width=\"600\" height=\"400\" src=\"https:\/\/zephyra.fr\/wp-content\/uploads\/2023\/11\/Nathalie_Ouptier.jpg\" alt=\"\" class=\"wp-image-193 size-full\" srcset=\"https:\/\/zephyra.fr\/wp-content\/uploads\/2023\/11\/Nathalie_Ouptier.jpg 600w, https:\/\/zephyra.fr\/wp-content\/uploads\/2023\/11\/Nathalie_Ouptier-300x200.jpg 300w\" sizes=\"auto, (max-width: 600px) 100vw, 600px\" \/><\/figure><div class=\"wp-block-media-text__content\">\n<p><strong>Nathalie Ouptier<\/strong> int\u00e8gre le CRR de Brest en Classe \u00e0 Horaires Am\u00e9nag\u00e9es Musique (R\u00e9gis Manceau) et poursuit en section Bac Musique (F11) au lyc\u00e9e. Elle obtient le DEM de fl\u00fbte traversi\u00e8re, culture musicale et formation musicale, puis un Dipl\u00f4me d\u2019Etat de fl\u00fbte traversi\u00e8re.&nbsp;<\/p>\n\n\n\n<p>P\u00e9dagogue curieuse, elle est form\u00e9e aux p\u00e9dagogies Dalcroze et O Passo. Elle enseigne actuellement au Conservatoire de Quimperl\u00e9, au SIVU Ecole de musique du Scorff au Blavet, et intervient aupr\u00e8s de la petite enfance et en milieu scolaire.&nbsp;<\/p>\n\n\n\n<p>Le petit truc en plus&nbsp;: Nathalie adore les jeux de soci\u00e9t\u00e9&nbsp;!<\/p>\n<\/div><\/div>\n\n\n\n<div class=\"wp-block-media-text is-stacked-on-mobile\"><figure class=\"wp-block-media-text__media\"><img loading=\"lazy\" decoding=\"async\" width=\"600\" height=\"400\" src=\"https:\/\/zephyra.fr\/wp-content\/uploads\/2023\/11\/Mathilde_Helleux.jpg\" alt=\"\" class=\"wp-image-192 size-full\" srcset=\"https:\/\/zephyra.fr\/wp-content\/uploads\/2023\/11\/Mathilde_Helleux.jpg 600w, https:\/\/zephyra.fr\/wp-content\/uploads\/2023\/11\/Mathilde_Helleux-300x200.jpg 300w\" sizes=\"auto, (max-width: 600px) 100vw, 600px\" \/><\/figure><div class=\"wp-block-media-text__content\">\n<p><strong>Mathilde Helleux<\/strong> commence la fl\u00fbte traversi\u00e8re avec Anne Bernard dans une \u00e9cole de musique sarthoise. Apr\u00e8s un passage dans les conservatoires du Mans (Catherine Horiot) et de Melun (Jacques Simony), elle int\u00e8gre le CRR de Dijon (Claire Louwagie). Elle obtient une Licence de musicologie et les Dipl\u00f4mes d\u2019Etat de fl\u00fbte traversi\u00e8re et de Formation Musicale.&nbsp;<\/p>\n\n\n\n<p>Arriv\u00e9e en Bretagne en 2005, elle travaille avec Gladys Bouchet (fl\u00fbte et p\u00e9dagogie) au CRR de Rennes. Curieuse d\u2019exp\u00e9rimenter d\u2019autres formes artistiques, elle se forme au chant lyrique (DEM au CRD de Lorient). Elle enseigne actuellement la fl\u00fbte traversi\u00e8re au CRD de Lorient.<\/p>\n\n\n\n<p>Le petit truc en plus&nbsp;: Mathilde pratique la m\u00e9ditation, le yoga et le rire communicatif&nbsp;!<\/p>\n<\/div><\/div>\n\n\n\n<div class=\"wp-block-media-text is-stacked-on-mobile\"><figure class=\"wp-block-media-text__media\"><img loading=\"lazy\" decoding=\"async\" width=\"600\" height=\"400\" src=\"https:\/\/zephyra.fr\/wp-content\/uploads\/2023\/11\/Laurence_Hekster.jpg\" alt=\"\" class=\"wp-image-189 size-full\" srcset=\"https:\/\/zephyra.fr\/wp-content\/uploads\/2023\/11\/Laurence_Hekster.jpg 600w, https:\/\/zephyra.fr\/wp-content\/uploads\/2023\/11\/Laurence_Hekster-300x200.jpg 300w\" sizes=\"auto, (max-width: 600px) 100vw, 600px\" \/><\/figure><div class=\"wp-block-media-text__content\">\n<p><strong>Laurence Hekster<\/strong> commence la fl\u00fbte traversi\u00e8re et la musique de chambre \u00e0 l\u2019Acad\u00e9mie d\u2019Uccle en Belgique. Elle rentre ensuite au Conservatoire Royal de Musique de Bruxelles et y obtient sa Licence avec grande distinction (G\u00e9rard Noack, Baudoin Giaux), ainsi que l\u2019Agr\u00e9gation. Elle s\u2019est perfectionn\u00e9e lors de stages et de masterclasse avec Vincent Cortvrint, Denis-Pierre Gustin, Carlos Bruneel, Philippe Benoit, Val\u00e9rie Debaele, Jean-Marc Boissi\u00e8re. Elle a obtenu des prix dans divers concours en Belgique et en France (Belfius, Jeunes Espoirs, Horlait-Dapsens). Elle est \u00e9galement titulaire d\u2019un Master en Philologie Romane et d&rsquo;un D.E.S en Gestion Culturelle \u00e0 l\u2019Universit\u00e9 Libre de Bruxelles.&nbsp;<\/p>\n\n\n\n<p>Passionn\u00e9e de musique de chambre, elle se produit avec divers instrumentistes et avec le quatuor de fl\u00fbtes franco-belge <em>Hin\u00e9moa<\/em>, lors de r\u00e9citals th\u00e9matiques et comment\u00e9s. Elle enseigne au Conservatoire de Fouesnant.<\/p>\n\n\n\n<p>Le petit truc en plus&nbsp;: Laurence est passionn\u00e9e de litt\u00e9rature, de copines et de bons repas&nbsp;!<\/p>\n<\/div><\/div>\n\n\n\n<div class=\"wp-block-columns is-layout-flex wp-container-core-columns-is-layout-28f84493 wp-block-columns-is-layout-flex\">\n<div class=\"wp-block-column is-layout-flow wp-block-column-is-layout-flow\" style=\"flex-basis:100%\">\n<div class=\"wp-block-group is-vertical is-layout-flex wp-container-core-group-is-layout-fe9cc265 wp-block-group-is-layout-flex\">\n<div class=\"wp-block-columns is-layout-flex wp-container-core-columns-is-layout-28f84493 wp-block-columns-is-layout-flex\">\n<div class=\"wp-block-column is-vertically-aligned-center is-layout-flow wp-block-column-is-layout-flow\" style=\"flex-basis:100%\">\n<div class=\"wp-block-media-text is-stacked-on-mobile is-vertically-aligned-center\" style=\"grid-template-columns:52% auto\"><figure class=\"wp-block-media-text__media\"><img loading=\"lazy\" decoding=\"async\" width=\"1024\" height=\"609\" src=\"https:\/\/zephyra.fr\/wp-content\/uploads\/2025\/05\/P1260810-3-1024x609.jpg\" alt=\"\" class=\"wp-image-325 size-full\" srcset=\"https:\/\/zephyra.fr\/wp-content\/uploads\/2025\/05\/P1260810-3-1024x609.jpg 1024w, https:\/\/zephyra.fr\/wp-content\/uploads\/2025\/05\/P1260810-3-300x178.jpg 300w, https:\/\/zephyra.fr\/wp-content\/uploads\/2025\/05\/P1260810-3-768x457.jpg 768w, https:\/\/zephyra.fr\/wp-content\/uploads\/2025\/05\/P1260810-3-1536x914.jpg 1536w, https:\/\/zephyra.fr\/wp-content\/uploads\/2025\/05\/P1260810-3-2048x1218.jpg 2048w\" sizes=\"auto, (max-width: 1024px) 100vw, 1024px\" \/><\/figure><div class=\"wp-block-media-text__content\">\n<p class=\"has-text-align-left\"><strong>Marianne Nill\u00e8s <\/strong>commence la fl\u00fbte traversi\u00e8re \u00e0 Ch\u00e2teau-Thierry avec Francine Ravez. Dans les Ardennes, la pratique au sein des orchestres d\u2019harmonie lui donne le go\u00fbt de jouer en collectif et l\u2019envie de se perfectionner avec Sylvie Deli\u00e8ge, Christine Bureau, Louise Bruel. Puis elle int\u00e8gre le CRR de Versailles (Jean-Michel Varache).<br><\/p>\n\n\n\n<p>Curieuse et passionn\u00e9e par la p\u00e9dagogie, elle enseigne t\u00f4t tout en continuant de se former.<br>Elle suit notamment la formation Grandir en Musique (Marie Ja\u00ebll, Maria Montessori) pour les 3-6 ans et devient titulaire du Dipl\u00f4me d\u2019Etat.<br><\/p>\n\n\n\n<p>\u00c0 son arriv\u00e9e en Bretagne en 2016, elle continue de se former aupr\u00e8s de Culture Lab 29, et l\u2019UBO (Master 1 Recherche en didactique). Elle enseigne au sein de l\u2019Ecole de Musique Danse Th\u00e9\u00e2tre du Kreiz Breizh (EMDTKB) Rostrenen.<br><\/p>\n\n\n\n<p>Le petit truc en plus : Marianne adore le chocolat !<\/p>\n<\/div><\/div>\n\n\n\n<div class=\"wp-block-columns is-layout-flex wp-container-core-columns-is-layout-28f84493 wp-block-columns-is-layout-flex\">\n<div class=\"wp-block-column is-vertically-aligned-stretch is-layout-flow wp-block-column-is-layout-flow\" style=\"flex-basis:100%\">\n<p><\/p>\n<\/div>\n<\/div>\n<\/div>\n\n\n\n<div class=\"wp-block-column is-layout-flow wp-block-column-is-layout-flow\"><\/div>\n<\/div>\n<\/div>\n<\/div>\n<\/div>\n","protected":false},"excerpt":{"rendered":"<p>Fanny Kersivien d\u00e9bute la fl\u00fbte traversi\u00e8re au CRD de Charleville-M\u00e9zi\u00e8res (Sylvie Deli\u00e8ge), passe par Asni\u00e8res-sur-Seine (Christine Bureau), puis int\u00e8gre les CRR de Boulogne-Billancourt (C\u00e9line Nessi) et de Rueil-Malmaison o\u00f9 elle obtient des DEM en fl\u00fbte traversi\u00e8re, musique de chambre et formation musicale. Elle travaille \u00e9galement avec Georges Alirol. Passionn\u00e9e de p\u00e9dagogie, elle obtient le Dipl\u00f4me [&hellip;]<\/p>\n","protected":false},"author":1,"featured_media":0,"parent":0,"menu_order":0,"comment_status":"closed","ping_status":"closed","template":"","meta":{"footnotes":""},"class_list":["post-106","page","type-page","status-publish","hentry"],"_links":{"self":[{"href":"https:\/\/zephyra.fr\/index.php\/wp-json\/wp\/v2\/pages\/106","targetHints":{"allow":["GET"]}}],"collection":[{"href":"https:\/\/zephyra.fr\/index.php\/wp-json\/wp\/v2\/pages"}],"about":[{"href":"https:\/\/zephyra.fr\/index.php\/wp-json\/wp\/v2\/types\/page"}],"author":[{"embeddable":true,"href":"https:\/\/zephyra.fr\/index.php\/wp-json\/wp\/v2\/users\/1"}],"replies":[{"embeddable":true,"href":"https:\/\/zephyra.fr\/index.php\/wp-json\/wp\/v2\/comments?post=106"}],"version-history":[{"count":13,"href":"https:\/\/zephyra.fr\/index.php\/wp-json\/wp\/v2\/pages\/106\/revisions"}],"predecessor-version":[{"id":389,"href":"https:\/\/zephyra.fr\/index.php\/wp-json\/wp\/v2\/pages\/106\/revisions\/389"}],"wp:attachment":[{"href":"https:\/\/zephyra.fr\/index.php\/wp-json\/wp\/v2\/media?parent=106"}],"curies":[{"name":"wp","href":"https:\/\/api.w.org\/{rel}","templated":true}]}}