{"id":105,"date":"2023-08-22T22:12:37","date_gmt":"2023-08-22T20:12:37","guid":{"rendered":"https:\/\/zephyra.fr\/?page_id=105"},"modified":"2025-08-25T14:15:45","modified_gmt":"2025-08-25T12:15:45","slug":"presentation","status":"publish","type":"page","link":"https:\/\/zephyra.fr\/index.php\/presentation\/","title":{"rendered":"Pr\u00e9sentation"},"content":{"rendered":"\n<figure class=\"wp-block-image aligncenter size-full is-resized\"><img loading=\"lazy\" decoding=\"async\" width=\"1000\" height=\"649\" src=\"https:\/\/zephyra.fr\/wp-content\/uploads\/2023\/11\/presentation.jpg\" alt=\"\" class=\"wp-image-203\" style=\"aspect-ratio:1.5398496240601505;width:814px;height:auto\" srcset=\"https:\/\/zephyra.fr\/wp-content\/uploads\/2023\/11\/presentation.jpg 1000w, https:\/\/zephyra.fr\/wp-content\/uploads\/2023\/11\/presentation-300x195.jpg 300w, https:\/\/zephyra.fr\/wp-content\/uploads\/2023\/11\/presentation-768x498.jpg 768w\" sizes=\"auto, (max-width: 1000px) 100vw, 1000px\" \/><\/figure>\n\n\n\n<p>En 2017, des fl\u00fbtistes professionnelles du Finist\u00e8re, du Morbihan et des C\u00f4tes d&rsquo;Armor se r\u00e9unissent et d\u00e9cident de mener des actions pour mettre leur instrument \u00e0 l\u2019honneur. L\u2019ensemble <strong><em>Zephyra<\/em><\/strong> est n\u00e9 : Zephyr pour le vent d\u2019ouest et A pour la touche f\u00e9minine.<\/p>\n\n\n\n<p>Une envie commune anime tous ses membres : casser les codes du concert classique en renouvelant sa forme. Une cr\u00e9ativit\u00e9 d\u00e9bordante s\u2019empare du groupe. De multiples talents s\u2019expriment : \u00e9criture d\u2019arrangements musicaux et de textes, conception de mise en sc\u00e8ne, de d\u00e9cors et de costumes.<\/p>\n\n\n\n<p>La vari\u00e9t\u00e9 de leurs formations, de leurs parcours, de leurs rencontres et de leurs comp\u00e9tences est d\u2019une grande richesse pour la construction artistique. Des collaborations avec des personnalit\u00e9s du monde musical telles que G\u00e9rard NOACK et Sophie DUFEUTRELLE suivent avec int\u00e9r\u00eat l&rsquo;ensemble Zephyra et lui pr\u00eatent r\u00e9guli\u00e8rement une oreille attentive et un regard averti.<\/p>\n\n\n\n<p>Les membres de Zephyra osent tout en mati\u00e8re de r\u00e9pertoire (musique classique et moderne) et de timbre (du piccolo \u00e0 la fl\u00fbte basse). Egalement p\u00e9dagogues reconnues, ces fl\u00fbtistes ont \u00e0 c\u0153ur de proposer des actions p\u00e9dagogiques en lien avec leur propositions artistiques.<\/p>\n\n\n\n<p>Zephyra c\u2019est : une intelligence collective, une cr\u00e9ativit\u00e9 d\u00e9bordante, une aventure humaine et artistique hors du commun !<\/p>\n","protected":false},"excerpt":{"rendered":"<p>En 2017, des fl\u00fbtistes professionnelles du Finist\u00e8re, du Morbihan et des C\u00f4tes d&rsquo;Armor se r\u00e9unissent et d\u00e9cident de mener des actions pour mettre leur instrument \u00e0 l\u2019honneur. L\u2019ensemble Zephyra est n\u00e9 : Zephyr pour le vent d\u2019ouest et A pour la touche f\u00e9minine. Une envie commune anime tous ses membres : casser les codes du [&hellip;]<\/p>\n","protected":false},"author":1,"featured_media":0,"parent":0,"menu_order":0,"comment_status":"closed","ping_status":"closed","template":"","meta":{"footnotes":""},"class_list":["post-105","page","type-page","status-publish","hentry"],"_links":{"self":[{"href":"https:\/\/zephyra.fr\/index.php\/wp-json\/wp\/v2\/pages\/105","targetHints":{"allow":["GET"]}}],"collection":[{"href":"https:\/\/zephyra.fr\/index.php\/wp-json\/wp\/v2\/pages"}],"about":[{"href":"https:\/\/zephyra.fr\/index.php\/wp-json\/wp\/v2\/types\/page"}],"author":[{"embeddable":true,"href":"https:\/\/zephyra.fr\/index.php\/wp-json\/wp\/v2\/users\/1"}],"replies":[{"embeddable":true,"href":"https:\/\/zephyra.fr\/index.php\/wp-json\/wp\/v2\/comments?post=105"}],"version-history":[{"count":13,"href":"https:\/\/zephyra.fr\/index.php\/wp-json\/wp\/v2\/pages\/105\/revisions"}],"predecessor-version":[{"id":351,"href":"https:\/\/zephyra.fr\/index.php\/wp-json\/wp\/v2\/pages\/105\/revisions\/351"}],"wp:attachment":[{"href":"https:\/\/zephyra.fr\/index.php\/wp-json\/wp\/v2\/media?parent=105"}],"curies":[{"name":"wp","href":"https:\/\/api.w.org\/{rel}","templated":true}]}}